{"id":12212,"date":"2020-12-06T14:54:34","date_gmt":"2020-12-06T13:54:34","guid":{"rendered":"https:\/\/venezia.sk\/donaska\/"},"modified":"2022-08-28T11:36:53","modified_gmt":"2022-08-28T09:36:53","slug":"delivery","status":"publish","type":"page","link":"https:\/\/venezia.sk\/en\/delivery\/","title":{"rendered":"Delivery"},"content":{"rendered":"<div class=\"wpb-content-wrapper\"><p>[vc_row][vc_column][vc_column_text text_larger=&#8221;no&#8221; woodmart_inline=&#8221;no&#8221;]<\/p>\n<h2 style=\"text-align: center;\">Information on food delivery.<\/h2>\n<p>[\/vc_column_text][\/vc_column][\/vc_row][vc_row][vc_column width=&#8221;1\/2&#8243;][vc_column_text text_larger=&#8221;no&#8221; woodmart_inline=&#8221;no&#8221;]Possibility to bring the daily menu.<\/p>\n<p>Conditions for import:<br \/>\n&#8211; Monday Friday<br \/>\n&#8211; from 10.00 a.m. until sold out (possibility of pre-order from 8.00 a.m.)<br \/>\n&#8211; we accept all meal cards (must be specified when ordering)<\/p>\n<p>We offer:<\/p>\n<p>&#8211; when registering on our website, the possibility of obtaining a permanent customer discount (10-30% for regular customers)<br \/>\n&#8211; possibility of payment by card (notify when ordering by phone!!!)<br \/>\n&#8211; possibility of payment with all meal tickets (notify when ordering by phone!!!)<br \/>\n&#8211; when ordering one main dish or pizza \u2013 \u20ac1.50 surcharge<br \/>\n&#8211; the possibility of ordering beer, wine, cigarettes and soft drinks (only with the main meal or for personal collection)<br \/>\n&#8211; the possibility to order coffee according to the menu (only with the main meal or for personal collection)<br \/>\n&#8211; the possibility to order appetizers and desserts (only with the main meal or when ordering in person)<br \/>\n&#8211; the possibility of table reservations and private parties, weddings, parties, family celebrations, sittings, receptions, and other events under favorable conditions in the restaurant<br \/>\nVenice<\/p>\n<p>ATTENTION ACTION! (not valid for the daily menu)<\/p>\n<p>When ordering food or pizza over \u20ac9.00, you will receive 1L of Kofola for free*.<br \/>\nWhen ordering food or pizza over \u20ac18.00, you will receive 2x 1L Kofoly for free*.<br \/>\nWhen ordering food or pizza over \u20ac27.00, you will receive 3x 1L Kofoly for free*.<\/p>\n<p>*each bottle of Kofola has an advance payment of \u20ac0.15<\/p>\n<p>A 20% discount is available for orders over \u20ac49.99.[\/vc_column_text][\/vc_column][vc_column width=&#8221;1\/2&#8243;][vc_column_text text_larger=&#8221;no&#8221; woodmart_inline=&#8221;no&#8221;]Orders:<br \/>\nSummer time<br \/>\nMonday &#8211; Thursday<\/p>\n<p>Restaurant 08:00 \u2013 22:00 \/ Delivery 10:00 \u2013 22:00<\/p>\n<p>Friday<\/p>\n<p>Restaurant 08:00 \u2013 22:00 \/ Delivery 10:00 \u2013 23:00<\/p>\n<p>Saturday<\/p>\n<p>Restaurant 11:00 a.m. \u2013 10:00 p.m. \/ Delivery 10:00 a.m. \u2013 11:00 p.m.<\/p>\n<p>Sunday<\/p>\n<p>Restaurant 11:00 a.m. \u2013 10:00 p.m. \/ Delivery 10:00 a.m. \u2013 10:00 p.m.<\/p>\n<p>Winter time<br \/>\nSunday &#8211; Thursday<\/p>\n<p>Restaurant 10:30 \u2013 20:00 \/ Delivery 10:00 \u2013 21:00<\/p>\n<p>Friday Saturday<\/p>\n<p>Restaurant 10:30 a.m. \u2013 9:00 p.m. \/ Delivery 10:00 a.m. \u2013 10:00 p.m.<\/p>\n<p>043 \/ 422 11 00<br \/>\n+421 908 88 30 30<br \/>\nEvery week from Sunday to Thursday, two hours are waiting for you in the Ven\u00e9zia \u0160\u0165astn\u00e9 restaurant &#8211; from 3:00 p.m. to 5:00 p.m.<br \/>\nAll pizzas for \u20ac4.50<br \/>\nValid only in the Venezia restaurant.[\/vc_column_text][\/vc_column][\/vc_row][vc_row][vc_column][vc_empty_space height=&#8221;64px&#8221; woodmart_hide_large=&#8221;0&#8243; woodmart_hide_medium=&#8221;0&#8243; woodmart_hide_small=&#8221;0&#8243; woodmart_hide_extra_small=&#8221;0&#8243;][\/vc_column][\/vc_row]<\/p>\n<\/div>","protected":false},"excerpt":{"rendered":"<p>[vc_row][vc_column][vc_column_text text_larger=&#8221;no&#8221; woodmart_inline=&#8221;no&#8221;] Information on food delivery. [\/vc_column_text][\/vc_column][\/vc_row][vc_row][vc_column width=&#8221;1\/2&#8243;][vc_column_text text_larger=&#8221;no&#8221; woodmart_inline=&#8221;no&#8221;]Possibility to bring the daily menu. Conditions for import: &#8211;<\/p>\n","protected":false},"author":1,"featured_media":0,"parent":0,"menu_order":0,"comment_status":"closed","ping_status":"closed","template":"","meta":{"footnotes":""},"class_list":["post-12212","page","type-page","status-publish","hentry"],"_links":{"self":[{"href":"https:\/\/venezia.sk\/en\/wp-json\/wp\/v2\/pages\/12212","targetHints":{"allow":["GET"]}}],"collection":[{"href":"https:\/\/venezia.sk\/en\/wp-json\/wp\/v2\/pages"}],"about":[{"href":"https:\/\/venezia.sk\/en\/wp-json\/wp\/v2\/types\/page"}],"author":[{"embeddable":true,"href":"https:\/\/venezia.sk\/en\/wp-json\/wp\/v2\/users\/1"}],"replies":[{"embeddable":true,"href":"https:\/\/venezia.sk\/en\/wp-json\/wp\/v2\/comments?post=12212"}],"version-history":[{"count":3,"href":"https:\/\/venezia.sk\/en\/wp-json\/wp\/v2\/pages\/12212\/revisions"}],"predecessor-version":[{"id":12215,"href":"https:\/\/venezia.sk\/en\/wp-json\/wp\/v2\/pages\/12212\/revisions\/12215"}],"wp:attachment":[{"href":"https:\/\/venezia.sk\/en\/wp-json\/wp\/v2\/media?parent=12212"}],"curies":[{"name":"wp","href":"https:\/\/api.w.org\/{rel}","templated":true}]}}