{"id":27397,"date":"2026-03-20T11:38:54","date_gmt":"2026-03-20T10:38:54","guid":{"rendered":"https:\/\/venezia.sk\/?post_type=product&#038;p=27397"},"modified":"2026-03-20T11:39:11","modified_gmt":"2026-03-20T10:39:11","slug":"darcekova-poukazka-10e","status":"publish","type":"product","link":"https:\/\/venezia.sk\/en\/product\/darcekova-poukazka-10e\/","title":{"rendered":"Dar\u010dekov\u00e1 pouk\u00e1\u017eka 10\u20ac"},"content":{"rendered":"","protected":false},"excerpt":{"rendered":"","protected":false},"featured_media":27393,"template":"","meta":[],"product_brand":[],"product_cat":[166],"product_tag":[],"class_list":{"0":"post-27397","1":"product","2":"type-product","3":"status-publish","4":"has-post-thumbnail","6":"product_cat-darcekove-poukazy","8":"first","9":"instock","10":"shipping-taxable","11":"purchasable","12":"product-type-simple"},"_links":{"self":[{"href":"https:\/\/venezia.sk\/en\/wp-json\/wp\/v2\/product\/27397","targetHints":{"allow":["GET"]}}],"collection":[{"href":"https:\/\/venezia.sk\/en\/wp-json\/wp\/v2\/product"}],"about":[{"href":"https:\/\/venezia.sk\/en\/wp-json\/wp\/v2\/types\/product"}],"wp:featuredmedia":[{"embeddable":true,"href":"https:\/\/venezia.sk\/en\/wp-json\/wp\/v2\/media\/27393"}],"wp:attachment":[{"href":"https:\/\/venezia.sk\/en\/wp-json\/wp\/v2\/media?parent=27397"}],"wp:term":[{"taxonomy":"product_brand","embeddable":true,"href":"https:\/\/venezia.sk\/en\/wp-json\/wp\/v2\/product_brand?post=27397"},{"taxonomy":"product_cat","embeddable":true,"href":"https:\/\/venezia.sk\/en\/wp-json\/wp\/v2\/product_cat?post=27397"},{"taxonomy":"product_tag","embeddable":true,"href":"https:\/\/venezia.sk\/en\/wp-json\/wp\/v2\/product_tag?post=27397"}],"curies":[{"name":"wp","href":"https:\/\/api.w.org\/{rel}","templated":true}]}}